{"id":11,"date":"2026-02-03T14:04:38","date_gmt":"2026-02-03T14:04:38","guid":{"rendered":"https:\/\/dev.visuelle.design\/?page_id=11"},"modified":"2026-02-04T14:55:14","modified_gmt":"2026-02-04T14:55:14","slug":"developer","status":"publish","type":"page","link":"https:\/\/dev.visuelle.design\/","title":{"rendered":"Ralf St\u00f6rmer I Developer"},"content":{"rendered":"<p>[et_pb_section fb_built=&#8220;1&#8243; fullwidth=&#8220;on&#8220; _builder_version=&#8220;4.27.5&#8243; _module_preset=&#8220;default&#8220; global_colors_info=&#8220;{}&#8220;][et_pb_fullwidth_header title=&#8220;Ralf St\u00f6rmer I DEVELOPER&#8220; button_one_text=&#8220;Projekt anfragen&#8220; _builder_version=&#8220;4.27.5&#8243; _module_preset=&#8220;default&#8220; title_level=&#8220;h5&#8243; title_font=&#8220;|600|||||||&#8220; title_text_color=&#8220;#567796&#8243; title_font_size=&#8220;53px&#8220; title_letter_spacing=&#8220;3px&#8220; content_text_color=&#8220;#000000&#8243; content_font_size=&#8220;18px&#8220; content_line_height=&#8220;1.8em&#8220; subhead_text_color=&#8220;#000000&#8243; subhead_letter_spacing=&#8220;1px&#8220; background_color=&#8220;RGBA(255,255,255,0)&#8220; background_image=&#8220;https:\/\/dev.visuelle.design\/wp-content\/uploads\/2026\/02\/Hintergrund-Struktur.jpg&#8220; background_size=&#8220;contain&#8220; custom_button_one=&#8220;on&#8220; button_one_text_size=&#8220;20px&#8220; button_one_text_color=&#8220;#567796&#8243; button_one_bg_color=&#8220;RGBA(255,255,255,0)&#8220; button_one_border_color=&#8220;#567796&#8243; button_one_icon_color=&#8220;#000000&#8243; background_layout=&#8220;light&#8220; custom_margin=&#8220;0px||||false|false&#8220; custom_padding=&#8220;107px|2px|188px|||&#8220; global_colors_info=&#8220;{}&#8220;]<\/p>\n<p>Technik, die funktioniert. Websites und Apps.<\/p>\n<p>Sauber umgesetzt. Zuverl\u00e4ssig betrieben.<\/p>\n<p>[\/et_pb_fullwidth_header][\/et_pb_section][et_pb_section fb_built=&#8220;1&#8243; _builder_version=&#8220;4.27.5&#8243; _module_preset=&#8220;default&#8220; custom_margin=&#8220;||||false|false&#8220; custom_padding=&#8220;2px||3px||false|false&#8220; global_colors_info=&#8220;{}&#8220;][et_pb_row _builder_version=&#8220;4.27.5&#8243; _module_preset=&#8220;default&#8220; custom_padding=&#8220;9px|||||&#8220; global_colors_info=&#8220;{}&#8220;][et_pb_column type=&#8220;4_4&#8243; _builder_version=&#8220;4.27.5&#8243; _module_preset=&#8220;default&#8220; global_colors_info=&#8220;{}&#8220;][et_pb_text _builder_version=&#8220;4.27.5&#8243; _module_preset=&#8220;default&#8220; header_5_font=&#8220;|600|||||||&#8220; header_5_font_size=&#8220;24px&#8220; header_5_line_height=&#8220;1.65em&#8220; custom_padding=&#8220;83px||0px|||&#8220; global_colors_info=&#8220;{}&#8220;]<\/p>\n<h5 data-start=\"1422\" data-end=\"1519\" style=\"text-align: right;\"><span>Gute Technik f\u00e4llt nicht auf.<\/span><br data-start=\"377\" data-end=\"380\" \/><span>Sie tut, was sie soll.<\/span><\/h5>\n<h5 data-start=\"1422\" data-end=\"1519\"><\/h5>\n<h5><\/h5>\n<p>[\/et_pb_text][\/et_pb_column][\/et_pb_row][\/et_pb_section][et_pb_section fb_built=&#8220;1&#8243; _builder_version=&#8220;4.27.5&#8243; _module_preset=&#8220;default&#8220; custom_margin=&#8220;||||false|false&#8220; global_colors_info=&#8220;{}&#8220;][et_pb_row column_structure=&#8220;1_3,1_3,1_3&#8243; _builder_version=&#8220;4.27.5&#8243; _module_preset=&#8220;default&#8220; custom_margin=&#8220;|auto|16px|auto||&#8220; custom_padding=&#8220;8px|||||&#8220; global_colors_info=&#8220;{}&#8220;][et_pb_column type=&#8220;1_3&#8243; _builder_version=&#8220;4.27.5&#8243; _module_preset=&#8220;default&#8220; global_colors_info=&#8220;{}&#8220;][et_pb_blurb title=&#8220;Leistung&#8220; use_icon=&#8220;on&#8220; font_icon=&#8220;&#xe084;||fa||400&#8243; icon_color=&#8220;#FFFFFF&#8220; image_icon_width=&#8220;84px&#8220; _builder_version=&#8220;4.27.5&#8243; _module_preset=&#8220;default&#8220; header_level=&#8220;h1&#8243; header_text_align=&#8220;center&#8220; header_text_color=&#8220;#FFFFFF&#8220; body_text_color=&#8220;#FFFFFF&#8220; body_line_height=&#8220;1.5em&#8220; background_color=&#8220;#567796&#8243; custom_padding=&#8220;25px|25px|25px|25px|false|false&#8220; global_colors_info=&#8220;{}&#8220;]<\/p>\n<div data-address=\"2.0.0\">\n<p style=\"text-align: center;\">Ich entwickle digitale L\u00f6sungen,<br \/>die stabil laufen und<br \/>langfristig nutzbar bleiben.<\/p>\n<p style=\"text-align: center;\">Keine Spielereien.<br \/>Keine unn\u00f6tige Komplexit\u00e4t.<\/p>\n<\/div>\n<p>[\/et_pb_blurb][\/et_pb_column][et_pb_column type=&#8220;1_3&#8243; _builder_version=&#8220;4.27.5&#8243; _module_preset=&#8220;default&#8220; global_colors_info=&#8220;{}&#8220;][et_pb_blurb title=&#8220;Zusammenarbeit&#8220; use_icon=&#8220;on&#8220; font_icon=&#8220;&#xf0c0;||fa||900&#8243; icon_color=&#8220;#FFFFFF&#8220; image_icon_width=&#8220;84px&#8220; _builder_version=&#8220;4.27.5&#8243; _module_preset=&#8220;default&#8220; header_level=&#8220;h1&#8243; header_text_align=&#8220;center&#8220; header_text_color=&#8220;#FFFFFF&#8220; body_text_color=&#8220;#FFFFFF&#8220; body_line_height=&#8220;1.5em&#8220; background_color=&#8220;#567796&#8243; custom_padding=&#8220;25px|25px|25px|25px|false|false&#8220; global_colors_info=&#8220;{}&#8220;]<\/p>\n<div data-address=\"2.0.0\">\n<p style=\"text-align: center;\">Gestaltung und Struktur entstehen in enger Zusammenarbeit mit \u00a0visuelle.design.<\/p>\n<p style=\"text-align: center;\">So greifen Gestaltung und Technik sauber ineinander.<\/p>\n<\/div>\n<p>[\/et_pb_blurb][\/et_pb_column][et_pb_column type=&#8220;1_3&#8243; _builder_version=&#8220;4.27.5&#8243; _module_preset=&#8220;default&#8220; global_colors_info=&#8220;{}&#8220;][et_pb_blurb title=&#8220;Kunden&#8220; use_icon=&#8220;on&#8220; font_icon=&#8220;&#xf1ad;||fa||400&#8243; icon_color=&#8220;#FFFFFF&#8220; image_icon_width=&#8220;84px&#8220; _builder_version=&#8220;4.27.5&#8243; _module_preset=&#8220;default&#8220; header_level=&#8220;h1&#8243; header_text_align=&#8220;center&#8220; header_text_color=&#8220;#FFFFFF&#8220; body_text_color=&#8220;#FFFFFF&#8220; body_line_height=&#8220;1.5em&#8220; background_color=&#8220;#567796&#8243; custom_padding=&#8220;25px|25px|25px|25px|false|false&#8220; global_colors_info=&#8220;{}&#8220;]<\/p>\n<div data-address=\"2.0.0\">\n<p style=\"text-align: center;\"><span>F\u00fcr Unternehmen und Organisationen,<\/span><br data-start=\"1040\" data-end=\"1043\" \/><span>die Technik als Grundlage sehen \u2013 <\/span><span><\/span><span>nicht als Experiment.<\/span><span><\/span><\/p>\n<p style=\"text-align: center;\"><span>Saubere Umsetzung. <\/span><span>Klare Strukturen. <\/span><span>Verl\u00e4ssliche Funktion.<\/span><\/p>\n<\/div>\n<p>[\/et_pb_blurb][\/et_pb_column][\/et_pb_row][\/et_pb_section][et_pb_section fb_built=&#8220;1&#8243; _builder_version=&#8220;4.27.5&#8243; _module_preset=&#8220;default&#8220; background_color=&#8220;rgba(86,119,150,0.6)&#8220; custom_margin=&#8220;18px|||||&#8220; custom_padding=&#8220;6px|||||&#8220; global_colors_info=&#8220;{}&#8220;][et_pb_row _builder_version=&#8220;4.27.4&#8243; _module_preset=&#8220;default&#8220; min_height=&#8220;157px&#8220; custom_margin=&#8220;45px|auto|8px|auto||&#8220; custom_padding=&#8220;16px|||||&#8220; global_colors_info=&#8220;{}&#8220;][et_pb_column type=&#8220;4_4&#8243; _builder_version=&#8220;4.27.4&#8243; _module_preset=&#8220;default&#8220; global_colors_info=&#8220;{}&#8220;][et_pb_text _builder_version=&#8220;4.27.5&#8243; _module_preset=&#8220;default&#8220; header_font=&#8220;&#8211;et_global_heading_font||||||||&#8220; header_4_text_color=&#8220;#FFFFFF&#8220; header_4_font_size=&#8220;36px&#8220; header_4_letter_spacing=&#8220;5px&#8220; header_5_font_size=&#8220;18px&#8220; header_5_line_height=&#8220;1.65em&#8220; custom_margin=&#8220;40px|||||&#8220; global_colors_info=&#8220;{}&#8220;]<\/p>\n<h4 style=\"text-align: center;\"><\/h4>\n<h4 style=\"text-align: center;\"><span>Technik muss nicht erkl\u00e4ren. <\/span><span>Sie muss funktionieren.<\/span><\/h4>\n<h4 style=\"text-align: center;\"><span>\u00a0<\/span><\/h4>\n<p>[\/et_pb_text][\/et_pb_column][\/et_pb_row][\/et_pb_section]<\/p>\n","protected":false},"excerpt":{"rendered":"<p>Technik, die funktioniert. Websites und Apps. Sauber umgesetzt. Zuverl\u00e4ssig betrieben.Gute Technik f\u00e4llt nicht auf.Sie tut, was sie soll. Ich entwickle digitale L\u00f6sungen,die stabil laufen undlangfristig nutzbar bleiben. Keine Spielereien.Keine unn\u00f6tige Komplexit\u00e4t. Gestaltung und Struktur entstehen in enger Zusammenarbeit mit \u00a0visuelle.design. So greifen Gestaltung und Technik sauber ineinander. F\u00fcr Unternehmen und Organisationen,die Technik als Grundlage sehen [&hellip;]<\/p>\n","protected":false},"author":1,"featured_media":0,"parent":0,"menu_order":0,"comment_status":"closed","ping_status":"closed","template":"","meta":{"_et_pb_use_builder":"on","_et_pb_old_content":"<!-- wp:divi\/placeholder \/-->","_et_gb_content_width":"","footnotes":""},"class_list":["post-11","page","type-page","status-publish","hentry"],"_links":{"self":[{"href":"https:\/\/dev.visuelle.design\/index.php?rest_route=\/wp\/v2\/pages\/11","targetHints":{"allow":["GET"]}}],"collection":[{"href":"https:\/\/dev.visuelle.design\/index.php?rest_route=\/wp\/v2\/pages"}],"about":[{"href":"https:\/\/dev.visuelle.design\/index.php?rest_route=\/wp\/v2\/types\/page"}],"author":[{"embeddable":true,"href":"https:\/\/dev.visuelle.design\/index.php?rest_route=\/wp\/v2\/users\/1"}],"replies":[{"embeddable":true,"href":"https:\/\/dev.visuelle.design\/index.php?rest_route=%2Fwp%2Fv2%2Fcomments&post=11"}],"version-history":[{"count":74,"href":"https:\/\/dev.visuelle.design\/index.php?rest_route=\/wp\/v2\/pages\/11\/revisions"}],"predecessor-version":[{"id":160,"href":"https:\/\/dev.visuelle.design\/index.php?rest_route=\/wp\/v2\/pages\/11\/revisions\/160"}],"wp:attachment":[{"href":"https:\/\/dev.visuelle.design\/index.php?rest_route=%2Fwp%2Fv2%2Fmedia&parent=11"}],"curies":[{"name":"wp","href":"https:\/\/api.w.org\/{rel}","templated":true}]}}